{"id":3538,"date":"2023-05-15T16:33:12","date_gmt":"2023-05-15T14:33:12","guid":{"rendered":"https:\/\/www.tu-to.org\/?page_id=3538"},"modified":"2023-05-15T16:34:21","modified_gmt":"2023-05-15T14:34:21","slug":"das-konzept","status":"publish","type":"page","link":"https:\/\/www.tu-to.org\/en\/das-konzept\/","title":{"rendered":"Das Konzept"},"content":{"rendered":"\n<h1 class=\"wp-block-heading\">Das TuTo Junior School Konzept<\/h1>\n\n\n\n<h2 class=\"wp-block-heading\">Bed\u00fcrfnisorientiert<\/h2>\n\n\n\n<p>Die meisten Kinder befinden sich derzeit in einer Halbtagsbetreuung und werden zu Mittag von ihren Eltern abgeholt. Es besteht aber auch die M\u00f6glichkeit einer Ganztagsbetreuung mit Mittagessen und Nachmittagsprogramm. <\/p>\n\n\n\n<p>Zudem wurde die Schule so errichtet, dass sich auch Kinder mit Beeintr\u00e4chtigungen und speziellen Bed\u00fcrfnissen dort wohlf\u00fchlen und m\u00f6glichst befreit aufhalten k\u00f6nnen. Obwohl TuTo Junior School derzeit keine Kinder hat, die mit Beeintr\u00e4chtigungen leben, will die Organisation in der Lage sein, diese Kinder bei Bedarf aufzunehmen.<\/p>\n\n\n\n<h2 class=\"wp-block-heading\">St\u00e4rken in bestehenden Strukturen<\/h2>\n\n\n\n<p>Es ist uns wichtig, dass alle unsere Sch\u00fcler*innen in ihren bestehenden famili\u00e4ren Strukturen unterst\u00fctzt werden, weshalb unsere Vereine gro\u00dfen Wert auf eine gute Zusammenarbeit mit den Eltern legen und diese durch regelm\u00e4\u00dfige Treffen und Weiterbildungen einbinden.<\/p>\n\n\n\n<p>Neben den Lehrerinnen besteht unser Team noch aus vier weiteren st\u00e4ndig angestellten Personen, die jeweils f\u00fcr die Buchhaltung, K\u00fcche und Reinigung, Sicherheit und Instandhaltung zust\u00e4ndig sind.<\/p>\n\n\n\n<h2 class=\"wp-block-heading\">Social Enterprise<\/h2>\n\n\n\n<p>Die Schule wird als soziales Unternehmen (\u201esocial enterprise\u201c) gef\u00fchrt. Das bedeutet auch, dass bei der Auswahl der aufgenommenen Kinder darauf geachtet wird, dass ca. ein Drittel aller Kinder von der Schulgeb\u00fchr befreit sind, weil sie aus \u00e4rmeren Familien kommen. F\u00fcr ca. ein weiteres Drittel der Kinder werden die Schulgelder von Spendern\/Sponsoren gedeckt und f\u00fcr ein Drittel der Kinder kommen die Familien selber f\u00fcr das Schulgeld auf.<\/p>\n\n\n\n<figure class=\"wp-block-gallery has-nested-images columns-default is-cropped wp-block-gallery-1 is-layout-flex wp-block-gallery-is-layout-flex\">\n<figure class=\"wp-block-image size-large\"><a href=\"https:\/\/www.tu-to.org\/wp-content\/uploads\/2023\/05\/2Z4A1263.jpg\"><img loading=\"lazy\" decoding=\"async\" width=\"1440\" height=\"960\" data-id=\"3522\" src=\"https:\/\/www.tu-to.org\/wp-content\/uploads\/2023\/05\/2Z4A1263.jpg\" alt=\"\" class=\"wp-image-3522\" srcset=\"https:\/\/www.tu-to.org\/wp-content\/uploads\/2023\/05\/2Z4A1263.jpg 1440w, https:\/\/www.tu-to.org\/wp-content\/uploads\/2023\/05\/2Z4A1263-300x200.jpg 300w, https:\/\/www.tu-to.org\/wp-content\/uploads\/2023\/05\/2Z4A1263-1024x683.jpg 1024w, https:\/\/www.tu-to.org\/wp-content\/uploads\/2023\/05\/2Z4A1263-768x512.jpg 768w\" sizes=\"auto, (max-width: 1440px) 100vw, 1440px\" \/><\/a><\/figure>\n\n\n\n<figure class=\"wp-block-image size-large\"><a href=\"https:\/\/www.tu-to.org\/wp-content\/uploads\/2021\/01\/KAGOYE-SHARITAH_Theresa-Hausberger.jpg\"><img loading=\"lazy\" decoding=\"async\" width=\"1024\" height=\"683\" data-id=\"3094\" src=\"https:\/\/www.tu-to.org\/wp-content\/uploads\/2021\/01\/KAGOYE-SHARITAH_Theresa-Hausberger-1024x683.jpg\" alt=\"\" class=\"wp-image-3094\" srcset=\"https:\/\/www.tu-to.org\/wp-content\/uploads\/2021\/01\/KAGOYE-SHARITAH_Theresa-Hausberger-1024x683.jpg 1024w, https:\/\/www.tu-to.org\/wp-content\/uploads\/2021\/01\/KAGOYE-SHARITAH_Theresa-Hausberger-300x200.jpg 300w, https:\/\/www.tu-to.org\/wp-content\/uploads\/2021\/01\/KAGOYE-SHARITAH_Theresa-Hausberger-768x512.jpg 768w, https:\/\/www.tu-to.org\/wp-content\/uploads\/2021\/01\/KAGOYE-SHARITAH_Theresa-Hausberger.jpg 1440w\" sizes=\"auto, (max-width: 1024px) 100vw, 1024px\" \/><\/a><\/figure>\n\n\n\n<figure class=\"wp-block-image size-large\"><a href=\"https:\/\/www.tu-to.org\/wp-content\/uploads\/2023\/05\/378A1441.jpg\"><img loading=\"lazy\" decoding=\"async\" width=\"1680\" height=\"1120\" data-id=\"3507\" src=\"https:\/\/www.tu-to.org\/wp-content\/uploads\/2023\/05\/378A1441.jpg\" alt=\"\" class=\"wp-image-3507\" srcset=\"https:\/\/www.tu-to.org\/wp-content\/uploads\/2023\/05\/378A1441.jpg 1680w, https:\/\/www.tu-to.org\/wp-content\/uploads\/2023\/05\/378A1441-300x200.jpg 300w, https:\/\/www.tu-to.org\/wp-content\/uploads\/2023\/05\/378A1441-1024x683.jpg 1024w, https:\/\/www.tu-to.org\/wp-content\/uploads\/2023\/05\/378A1441-768x512.jpg 768w, https:\/\/www.tu-to.org\/wp-content\/uploads\/2023\/05\/378A1441-1536x1024.jpg 1536w\" sizes=\"auto, (max-width: 1680px) 100vw, 1680px\" \/><\/a><\/figure>\n<\/figure>\n","protected":false},"excerpt":{"rendered":"<p>Das TuTo Junior School Konzept Bed\u00fcrfnisorientiert Die meisten Kinder befinden sich derzeit in einer Halbtagsbetreuung und werden zu Mittag von ihren Eltern abgeholt. Es besteht aber auch die M\u00f6glichkeit einer Ganztagsbetreuung mit Mittagessen und Nachmittagsprogramm. Zudem wurde die Schule so errichtet, dass sich auch Kinder mit Beeintr\u00e4chtigungen und speziellen Bed\u00fcrfnissen dort wohlf\u00fchlen und m\u00f6glichst befreit [&hellip;]<\/p>\n","protected":false},"author":1,"featured_media":0,"parent":0,"menu_order":0,"comment_status":"closed","ping_status":"closed","template":"","meta":{"footnotes":""},"class_list":["post-3538","page","type-page","status-publish","hentry"],"translation":{"provider":"WPGlobus","version":"3.0.0","language":"en","enabled_languages":["de","en"],"languages":{"de":{"title":true,"content":true,"excerpt":false},"en":{"title":false,"content":false,"excerpt":false}}},"_links":{"self":[{"href":"https:\/\/www.tu-to.org\/en\/wp-json\/wp\/v2\/pages\/3538","targetHints":{"allow":["GET"]}}],"collection":[{"href":"https:\/\/www.tu-to.org\/en\/wp-json\/wp\/v2\/pages"}],"about":[{"href":"https:\/\/www.tu-to.org\/en\/wp-json\/wp\/v2\/types\/page"}],"author":[{"embeddable":true,"href":"https:\/\/www.tu-to.org\/en\/wp-json\/wp\/v2\/users\/1"}],"replies":[{"embeddable":true,"href":"https:\/\/www.tu-to.org\/en\/wp-json\/wp\/v2\/comments?post=3538"}],"version-history":[{"count":4,"href":"https:\/\/www.tu-to.org\/en\/wp-json\/wp\/v2\/pages\/3538\/revisions"}],"predecessor-version":[{"id":3543,"href":"https:\/\/www.tu-to.org\/en\/wp-json\/wp\/v2\/pages\/3538\/revisions\/3543"}],"wp:attachment":[{"href":"https:\/\/www.tu-to.org\/en\/wp-json\/wp\/v2\/media?parent=3538"}],"curies":[{"name":"wp","href":"https:\/\/api.w.org\/{rel}","templated":true}]}}