{"id":3501,"date":"2023-05-15T16:25:21","date_gmt":"2023-05-15T14:25:21","guid":{"rendered":"https:\/\/www.tu-to.org\/?page_id=3501"},"modified":"2023-05-15T17:29:47","modified_gmt":"2023-05-15T15:29:47","slug":"der-campus","status":"publish","type":"page","link":"https:\/\/www.tu-to.org\/en\/der-campus\/","title":{"rendered":"Der Campus"},"content":{"rendered":"\n<h1 class=\"wp-block-heading\">Der TuTo-Junior-School-Campus<\/h1>\n\n\n\n<p>Der Campus der TuTo Junior School besteht aus folgenden mehreren Bereichen: <\/p>\n\n\n\n<p><\/p>\n\n\n\n<h2 class=\"wp-block-heading\">Pre-School (Vorschule) <\/h2>\n\n\n\n<p>Die Pre-School der TuTo Junior School beinhaltet vier R\u00e4ume: Einen Betreuungsraum f\u00fcr die ganz kleinen Kinder, ein weiterer Raum f\u00fcr die mittleren Kinder (zwischen 4 und 5 Jahren) sowie ein separater Raum f\u00fcr die \u00e4ltesten Kinder, die schon vor der Einschulung stehen. Daneben gibt es noch einen Ruheraum f\u00fcr kleine Kinder.<\/p>\n\n\n\n<figure class=\"wp-block-gallery has-nested-images columns-default is-cropped wp-block-gallery-1 is-layout-flex wp-block-gallery-is-layout-flex\">\n<figure class=\"wp-block-image size-large\"><a href=\"https:\/\/www.tu-to.org\/wp-content\/uploads\/2023\/05\/2Z4A1226.jpg\"><img loading=\"lazy\" decoding=\"async\" width=\"1440\" height=\"810\" data-id=\"3523\" src=\"https:\/\/www.tu-to.org\/wp-content\/uploads\/2023\/05\/2Z4A1226.jpg\" alt=\"\" class=\"wp-image-3523\" srcset=\"https:\/\/www.tu-to.org\/wp-content\/uploads\/2023\/05\/2Z4A1226.jpg 1440w, https:\/\/www.tu-to.org\/wp-content\/uploads\/2023\/05\/2Z4A1226-300x169.jpg 300w, https:\/\/www.tu-to.org\/wp-content\/uploads\/2023\/05\/2Z4A1226-1024x576.jpg 1024w, https:\/\/www.tu-to.org\/wp-content\/uploads\/2023\/05\/2Z4A1226-768x432.jpg 768w\" sizes=\"auto, (max-width: 1440px) 100vw, 1440px\" \/><\/a><\/figure>\n\n\n\n<figure class=\"wp-block-image size-large\"><a href=\"https:\/\/www.tu-to.org\/wp-content\/uploads\/2023\/05\/378A1314.jpg\"><img loading=\"lazy\" decoding=\"async\" width=\"1680\" height=\"1120\" data-id=\"3515\" src=\"https:\/\/www.tu-to.org\/wp-content\/uploads\/2023\/05\/378A1314.jpg\" alt=\"\" class=\"wp-image-3515\" srcset=\"https:\/\/www.tu-to.org\/wp-content\/uploads\/2023\/05\/378A1314.jpg 1680w, https:\/\/www.tu-to.org\/wp-content\/uploads\/2023\/05\/378A1314-300x200.jpg 300w, https:\/\/www.tu-to.org\/wp-content\/uploads\/2023\/05\/378A1314-1024x683.jpg 1024w, https:\/\/www.tu-to.org\/wp-content\/uploads\/2023\/05\/378A1314-768x512.jpg 768w, https:\/\/www.tu-to.org\/wp-content\/uploads\/2023\/05\/378A1314-1536x1024.jpg 1536w\" sizes=\"auto, (max-width: 1680px) 100vw, 1680px\" \/><\/a><\/figure>\n\n\n\n<figure class=\"wp-block-image size-large\"><a href=\"https:\/\/www.tu-to.org\/wp-content\/uploads\/2023\/05\/2Z4A1263.jpg\"><img loading=\"lazy\" decoding=\"async\" width=\"1440\" height=\"960\" data-id=\"3522\" src=\"https:\/\/www.tu-to.org\/wp-content\/uploads\/2023\/05\/2Z4A1263.jpg\" alt=\"\" class=\"wp-image-3522\" srcset=\"https:\/\/www.tu-to.org\/wp-content\/uploads\/2023\/05\/2Z4A1263.jpg 1440w, https:\/\/www.tu-to.org\/wp-content\/uploads\/2023\/05\/2Z4A1263-300x200.jpg 300w, https:\/\/www.tu-to.org\/wp-content\/uploads\/2023\/05\/2Z4A1263-1024x683.jpg 1024w, https:\/\/www.tu-to.org\/wp-content\/uploads\/2023\/05\/2Z4A1263-768x512.jpg 768w\" sizes=\"auto, (max-width: 1440px) 100vw, 1440px\" \/><\/a><\/figure>\n<\/figure>\n\n\n\n<p><\/p>\n\n\n\n<div style=\"height:55px\" aria-hidden=\"true\" class=\"wp-block-spacer\"><\/div>\n\n\n\n<h2 class=\"wp-block-heading\">Primary School (Volksschule)<\/h2>\n\n\n\n<p>Zur Volksschule geh\u00f6ren 3 Klassenzimmer, in denen die verschiedenen Jahrg\u00e4nge unterrichtet werden.  Au\u00dferdem wurde ein Bibliotheksraum eingeplant um in Ruhe zu studieren und B\u00fccher auszuborgen. <\/p>\n\n\n\n<figure class=\"wp-block-gallery has-nested-images columns-default is-cropped wp-block-gallery-2 is-layout-flex wp-block-gallery-is-layout-flex\">\n<figure class=\"wp-block-image size-large\"><a href=\"https:\/\/www.tu-to.org\/wp-content\/uploads\/2023\/05\/378A1623.jpg\"><img loading=\"lazy\" decoding=\"async\" width=\"1024\" height=\"683\" data-id=\"3563\" src=\"https:\/\/www.tu-to.org\/wp-content\/uploads\/2023\/05\/378A1623-1024x683.jpg\" alt=\"\" class=\"wp-image-3563\" srcset=\"https:\/\/www.tu-to.org\/wp-content\/uploads\/2023\/05\/378A1623-1024x683.jpg 1024w, https:\/\/www.tu-to.org\/wp-content\/uploads\/2023\/05\/378A1623-300x200.jpg 300w, https:\/\/www.tu-to.org\/wp-content\/uploads\/2023\/05\/378A1623-768x512.jpg 768w, https:\/\/www.tu-to.org\/wp-content\/uploads\/2023\/05\/378A1623-1536x1024.jpg 1536w, https:\/\/www.tu-to.org\/wp-content\/uploads\/2023\/05\/378A1623.jpg 1680w\" sizes=\"auto, (max-width: 1024px) 100vw, 1024px\" \/><\/a><\/figure>\n\n\n\n<figure class=\"wp-block-image size-large\"><a href=\"https:\/\/www.tu-to.org\/wp-content\/uploads\/2023\/05\/378A1323.jpg\"><img loading=\"lazy\" decoding=\"async\" width=\"1680\" height=\"1120\" data-id=\"3509\" src=\"https:\/\/www.tu-to.org\/wp-content\/uploads\/2023\/05\/378A1323.jpg\" alt=\"\" class=\"wp-image-3509\" srcset=\"https:\/\/www.tu-to.org\/wp-content\/uploads\/2023\/05\/378A1323.jpg 1680w, https:\/\/www.tu-to.org\/wp-content\/uploads\/2023\/05\/378A1323-300x200.jpg 300w, https:\/\/www.tu-to.org\/wp-content\/uploads\/2023\/05\/378A1323-1024x683.jpg 1024w, https:\/\/www.tu-to.org\/wp-content\/uploads\/2023\/05\/378A1323-768x512.jpg 768w, https:\/\/www.tu-to.org\/wp-content\/uploads\/2023\/05\/378A1323-1536x1024.jpg 1536w\" sizes=\"auto, (max-width: 1680px) 100vw, 1680px\" \/><\/a><\/figure>\n\n\n\n<figure class=\"wp-block-image size-large\"><a href=\"https:\/\/www.tu-to.org\/wp-content\/uploads\/2023\/05\/378A1525.jpg\"><img loading=\"lazy\" decoding=\"async\" width=\"1680\" height=\"1120\" data-id=\"3526\" src=\"https:\/\/www.tu-to.org\/wp-content\/uploads\/2023\/05\/378A1525.jpg\" alt=\"\" class=\"wp-image-3526\" srcset=\"https:\/\/www.tu-to.org\/wp-content\/uploads\/2023\/05\/378A1525.jpg 1680w, https:\/\/www.tu-to.org\/wp-content\/uploads\/2023\/05\/378A1525-300x200.jpg 300w, https:\/\/www.tu-to.org\/wp-content\/uploads\/2023\/05\/378A1525-1024x683.jpg 1024w, https:\/\/www.tu-to.org\/wp-content\/uploads\/2023\/05\/378A1525-768x512.jpg 768w, https:\/\/www.tu-to.org\/wp-content\/uploads\/2023\/05\/378A1525-1536x1024.jpg 1536w\" sizes=\"auto, (max-width: 1680px) 100vw, 1680px\" \/><\/a><\/figure>\n<\/figure>\n\n\n\n<div style=\"height:55px\" aria-hidden=\"true\" class=\"wp-block-spacer\"><\/div>\n\n\n\n<h2 class=\"wp-block-heading\">Administration<\/h2>\n\n\n\n<p>Angeschlossen an das Schulgeb\u00e4ude liegt ein eigener Verwaltungsblock, in dem die Lehrerinnen den Unterricht vorbereiten und auch die TuTo Mitglieder ungest\u00f6rt ihrer Verwaltungsarbeit nachgehen k\u00f6nnen.<\/p>\n\n\n\n<p><\/p>\n\n\n\n<div style=\"height:27px\" aria-hidden=\"true\" class=\"wp-block-spacer\"><\/div>\n\n\n\n<h2 class=\"wp-block-heading\">Spielplatz<\/h2>\n\n\n\n<p>Schaukeln, Kletterh\u00e4uschen, Wippe und Sandkiste sollen die Pausen und Wartezeiten f\u00fcr Sch\u00fcler*innen spa\u00dfiger gestalten und zum gemeinsamen Spielen anregen. <\/p>\n\n\n\n<div style=\"height:27px\" aria-hidden=\"true\" class=\"wp-block-spacer\"><\/div>\n\n\n\n<p><\/p>\n\n\n\n<h2 class=\"wp-block-heading\">Infrastruktur<\/h2>\n\n\n\n<p>Besonders stolz sind wir auf unser eigenes, verl\u00e4ssliches Wasserversorgungssystem, welches aus einem Bohrloch und einem Wassertank zur Reserve und Verteilung zu Waschbecken und Toiletten besteht. Daneben haben wir auch eine innovative Toilettenanlage (\u201eSingle Cistern Latrine\u201c), die insgesamt acht Toilettenst\u00e4nde umfasst. Das System ist umweltfreundlich und wassersparend, da mit nur einer einzigen Toilettensp\u00fclung alle acht St\u00e4nde gleichzeitig gereinigt werden k\u00f6nnen.<\/p>\n\n\n\n<figure class=\"wp-block-gallery has-nested-images columns-default is-cropped wp-block-gallery-3 is-layout-flex wp-block-gallery-is-layout-flex\">\n<figure class=\"wp-block-image size-large\"><a href=\"https:\/\/www.tu-to.org\/wp-content\/uploads\/2023\/05\/378A1698.jpg\"><img loading=\"lazy\" decoding=\"async\" width=\"1024\" height=\"683\" data-id=\"3559\" src=\"https:\/\/www.tu-to.org\/wp-content\/uploads\/2023\/05\/378A1698-1024x683.jpg\" alt=\"\" class=\"wp-image-3559\" srcset=\"https:\/\/www.tu-to.org\/wp-content\/uploads\/2023\/05\/378A1698-1024x683.jpg 1024w, https:\/\/www.tu-to.org\/wp-content\/uploads\/2023\/05\/378A1698-300x200.jpg 300w, https:\/\/www.tu-to.org\/wp-content\/uploads\/2023\/05\/378A1698-768x512.jpg 768w, https:\/\/www.tu-to.org\/wp-content\/uploads\/2023\/05\/378A1698-1536x1024.jpg 1536w, https:\/\/www.tu-to.org\/wp-content\/uploads\/2023\/05\/378A1698.jpg 1680w\" sizes=\"auto, (max-width: 1024px) 100vw, 1024px\" \/><\/a><\/figure>\n\n\n\n<figure class=\"wp-block-image size-large\"><a href=\"https:\/\/www.tu-to.org\/wp-content\/uploads\/2023\/05\/378A1338.jpg\"><img loading=\"lazy\" decoding=\"async\" width=\"1680\" height=\"1120\" data-id=\"3508\" src=\"https:\/\/www.tu-to.org\/wp-content\/uploads\/2023\/05\/378A1338.jpg\" alt=\"\" class=\"wp-image-3508\" srcset=\"https:\/\/www.tu-to.org\/wp-content\/uploads\/2023\/05\/378A1338.jpg 1680w, https:\/\/www.tu-to.org\/wp-content\/uploads\/2023\/05\/378A1338-300x200.jpg 300w, https:\/\/www.tu-to.org\/wp-content\/uploads\/2023\/05\/378A1338-1024x683.jpg 1024w, https:\/\/www.tu-to.org\/wp-content\/uploads\/2023\/05\/378A1338-768x512.jpg 768w, https:\/\/www.tu-to.org\/wp-content\/uploads\/2023\/05\/378A1338-1536x1024.jpg 1536w\" sizes=\"auto, (max-width: 1680px) 100vw, 1680px\" \/><\/a><\/figure>\n\n\n\n<figure class=\"wp-block-image size-large\"><a href=\"https:\/\/www.tu-to.org\/wp-content\/uploads\/2023\/05\/378A1649.jpg\"><img loading=\"lazy\" decoding=\"async\" width=\"1680\" height=\"1120\" data-id=\"3527\" src=\"https:\/\/www.tu-to.org\/wp-content\/uploads\/2023\/05\/378A1649.jpg\" alt=\"\" class=\"wp-image-3527\" srcset=\"https:\/\/www.tu-to.org\/wp-content\/uploads\/2023\/05\/378A1649.jpg 1680w, https:\/\/www.tu-to.org\/wp-content\/uploads\/2023\/05\/378A1649-300x200.jpg 300w, https:\/\/www.tu-to.org\/wp-content\/uploads\/2023\/05\/378A1649-1024x683.jpg 1024w, https:\/\/www.tu-to.org\/wp-content\/uploads\/2023\/05\/378A1649-768x512.jpg 768w, https:\/\/www.tu-to.org\/wp-content\/uploads\/2023\/05\/378A1649-1536x1024.jpg 1536w\" sizes=\"auto, (max-width: 1680px) 100vw, 1680px\" \/><\/a><\/figure>\n<\/figure>\n\n\n\n<div style=\"height:55px\" aria-hidden=\"true\" class=\"wp-block-spacer\"><\/div>\n","protected":false},"excerpt":{"rendered":"<p>Der TuTo-Junior-School-Campus Der Campus der TuTo Junior School besteht aus folgenden mehreren Bereichen: Pre-School (Vorschule) Die Pre-School der TuTo Junior School beinhaltet vier R\u00e4ume: Einen Betreuungsraum f\u00fcr die ganz kleinen Kinder, ein weiterer Raum f\u00fcr die mittleren Kinder (zwischen 4 und 5 Jahren) sowie ein separater Raum f\u00fcr die \u00e4ltesten Kinder, die schon vor der [&hellip;]<\/p>\n","protected":false},"author":1,"featured_media":0,"parent":0,"menu_order":0,"comment_status":"closed","ping_status":"closed","template":"","meta":{"footnotes":""},"class_list":["post-3501","page","type-page","status-publish","hentry"],"translation":{"provider":"WPGlobus","version":"3.0.0","language":"en","enabled_languages":["de","en"],"languages":{"de":{"title":true,"content":true,"excerpt":false},"en":{"title":false,"content":false,"excerpt":false}}},"_links":{"self":[{"href":"https:\/\/www.tu-to.org\/en\/wp-json\/wp\/v2\/pages\/3501","targetHints":{"allow":["GET"]}}],"collection":[{"href":"https:\/\/www.tu-to.org\/en\/wp-json\/wp\/v2\/pages"}],"about":[{"href":"https:\/\/www.tu-to.org\/en\/wp-json\/wp\/v2\/types\/page"}],"author":[{"embeddable":true,"href":"https:\/\/www.tu-to.org\/en\/wp-json\/wp\/v2\/users\/1"}],"replies":[{"embeddable":true,"href":"https:\/\/www.tu-to.org\/en\/wp-json\/wp\/v2\/comments?post=3501"}],"version-history":[{"count":8,"href":"https:\/\/www.tu-to.org\/en\/wp-json\/wp\/v2\/pages\/3501\/revisions"}],"predecessor-version":[{"id":3565,"href":"https:\/\/www.tu-to.org\/en\/wp-json\/wp\/v2\/pages\/3501\/revisions\/3565"}],"wp:attachment":[{"href":"https:\/\/www.tu-to.org\/en\/wp-json\/wp\/v2\/media?parent=3501"}],"curies":[{"name":"wp","href":"https:\/\/api.w.org\/{rel}","templated":true}]}}